{"id":4835,"date":"2026-05-04T05:51:00","date_gmt":"2026-05-04T09:51:00","guid":{"rendered":"https:\/\/ciasf.org\/?page_id=4835"},"modified":"2026-05-04T06:04:37","modified_gmt":"2026-05-04T10:04:37","slug":"mise-a-disposition-des-espaces-du-ciasf","status":"publish","type":"page","link":"https:\/\/ciasf.org\/en\/mise-a-disposition-des-espaces-du-ciasf\/","title":{"rendered":"Mise \u00e0 disposition des espaces du CIASF"},"content":{"rendered":"<h3>Un lieu pour se rencontrer, r\u00e9fl\u00e9chir et apprendre ensemble<\/h3>\n<p>Dans une perspective de soutien aux milieux partenaires et de diversification des revenus au service de sa mission, le CIASF peut mettre certains de ses espaces \u00e0 disposition pour des activit\u00e9s de formation, de concertation, de rencontre ou de travail collectif.<\/p>\n<p>Ces espaces offrent un environnement professionnel, s\u00e9curisant, confidentiel et propice aux \u00e9changes, particuli\u00e8rement lorsque les sujets abord\u00e9s touchent des r\u00e9alit\u00e9s sensibles.<\/p>\n<p>Pour obtenir plus d\u2019information sur la disponibilit\u00e9 des espaces, les modalit\u00e9s ou la tarification, nous vous invitons \u00e0 communiquer avec nous.<\/p>\n<h3>Ce qui est inclus<\/h3>\n<p>La mise \u00e0 disposition des salles peut inclure :<\/p>\n<ul>\n<li>une salle am\u00e9nag\u00e9e, avec une configuration adaptable selon les besoins;<\/li>\n<li>du mat\u00e9riel de projection, incluant \u00e9cran et projecteur;<\/li>\n<li>un acc\u00e8s Internet, au besoin;<\/li>\n<li>un soutien technique de base pour l\u2019installation et le d\u00e9pannage l\u00e9ger;<\/li>\n<li>du caf\u00e9 et de l\u2019eau pour les participant\u00b7es;<\/li>\n<li>un accueil sur place.<\/li>\n<\/ul>\n<h3>Notre approche<\/h3>\n<p>La tarification des espaces s\u2019inscrit dans une volont\u00e9 de :<\/p>\n<ul>\n<li>soutenir l\u2019accessibilit\u00e9 pour les partenaires communautaires, institutionnels et publics;<\/li>\n<li>valoriser un environnement professionnel, chaleureux et s\u00e9curisant;<\/li>\n<li>g\u00e9n\u00e9rer des revenus autonomes qui sont r\u00e9investis dans la mission du CIASF.<\/li>\n<\/ul>\n","protected":false},"excerpt":{"rendered":"<p>Un lieu pour se rencontrer, r\u00e9fl\u00e9chir et apprendre ensemble Dans une perspective de soutien aux milieux partenaires et de diversification des revenus au service de sa mission, le CIASF peut mettre certains de ses espaces \u00e0 disposition pour des activit\u00e9s de formation, de concertation, de rencontre ou de travail collectif. Ces espaces offrent un environnement [&hellip;]<\/p>\n","protected":false},"author":6,"featured_media":0,"parent":0,"menu_order":0,"comment_status":"closed","ping_status":"closed","template":"","meta":{"_acf_changed":false,"_seopress_robots_primary_cat":"","_seopress_titles_title":"","_seopress_titles_desc":"","_seopress_robots_index":"","inline_featured_image":false,"footnotes":""},"class_list":["post-4835","page","type-page","status-publish","hentry"],"acf":[],"_links":{"self":[{"href":"https:\/\/ciasf.org\/en\/wp-json\/wp\/v2\/pages\/4835","targetHints":{"allow":["GET"]}}],"collection":[{"href":"https:\/\/ciasf.org\/en\/wp-json\/wp\/v2\/pages"}],"about":[{"href":"https:\/\/ciasf.org\/en\/wp-json\/wp\/v2\/types\/page"}],"author":[{"embeddable":true,"href":"https:\/\/ciasf.org\/en\/wp-json\/wp\/v2\/users\/6"}],"replies":[{"embeddable":true,"href":"https:\/\/ciasf.org\/en\/wp-json\/wp\/v2\/comments?post=4835"}],"version-history":[{"count":5,"href":"https:\/\/ciasf.org\/en\/wp-json\/wp\/v2\/pages\/4835\/revisions"}],"predecessor-version":[{"id":4843,"href":"https:\/\/ciasf.org\/en\/wp-json\/wp\/v2\/pages\/4835\/revisions\/4843"}],"wp:attachment":[{"href":"https:\/\/ciasf.org\/en\/wp-json\/wp\/v2\/media?parent=4835"}],"curies":[{"name":"wp","href":"https:\/\/api.w.org\/{rel}","templated":true}]}}