{"id":4306,"date":"2026-05-01T10:06:03","date_gmt":"2026-05-01T14:06:03","guid":{"rendered":"https:\/\/ciasf.org\/?page_id=4306"},"modified":"2026-05-03T17:15:45","modified_gmt":"2026-05-03T21:15:45","slug":"partage-et-transfert-des-pratiques-specialisees","status":"publish","type":"page","link":"https:\/\/ciasf.org\/en\/partage-et-transfert-des-pratiques-specialisees\/","title":{"rendered":"Partage et transfert des pratiques sp\u00e9cialis\u00e9es"},"content":{"rendered":"\t\t<div data-elementor-type=\"wp-page\" data-elementor-id=\"4306\" class=\"elementor elementor-4306\" data-elementor-post-type=\"page\">\n\t\t\t\t<div class=\"has_eae_slider elementor-element elementor-element-e2af677 e-flex e-con-boxed e-con e-parent\" data-eae-slider=\"46745\" data-id=\"e2af677\" data-element_type=\"container\" data-e-type=\"container\" data-settings=\"{&quot;background_background&quot;:&quot;classic&quot;}\">\n\t\t\t\t\t<div class=\"e-con-inner\">\n\t\t<div class=\"has_eae_slider elementor-element elementor-element-1a980f1 e-con-full e-flex e-con e-child\" data-eae-slider=\"57527\" data-id=\"1a980f1\" data-element_type=\"container\" data-e-type=\"container\">\n\t\t\t\t<\/div>\n\t\t\t\t\t<\/div>\n\t\t\t\t<\/div>\n\t\t<div class=\"has_eae_slider elementor-element elementor-element-faabba4 e-flex e-con-boxed e-con e-parent\" data-eae-slider=\"64377\" data-id=\"faabba4\" data-element_type=\"container\" data-e-type=\"container\" data-settings=\"{&quot;background_background&quot;:&quot;classic&quot;}\">\n\t\t\t\t\t<div class=\"e-con-inner\">\n\t\t<div class=\"has_eae_slider elementor-element elementor-element-beacce1 e-con-full e-flex e-con e-child\" data-eae-slider=\"92784\" data-id=\"beacce1\" data-element_type=\"container\" data-e-type=\"container\">\n\t\t<div class=\"has_eae_slider elementor-element elementor-element-4191706 e-con-full e-flex e-con e-child\" data-eae-slider=\"65810\" data-id=\"4191706\" data-element_type=\"container\" data-e-type=\"container\">\n\t\t<div class=\"has_eae_slider elementor-element elementor-element-509ebbd e-con-full e-flex e-con e-child\" data-eae-slider=\"52709\" data-id=\"509ebbd\" data-element_type=\"container\" data-e-type=\"container\">\n\t\t\t\t<div class=\"elementor-element elementor-element-eb8ce66 elementor-widget-mobile__width-auto no_margin_bt elementor-widget elementor-widget-text-editor\" data-id=\"eb8ce66\" data-element_type=\"widget\" data-e-type=\"widget\" data-widget_type=\"text-editor.default\">\n\t\t\t\t<div class=\"elementor-widget-container\">\n\t\t\t\t\t\t\t\t\t<p>Le Ciasf est fort de son expertise en mati\u00e8re de traitement et de pr\u00e9vention des violences sexuelles \u00e0 l\u2019intention des enfants et de l\u2019ensemble des personnes touch\u00e9es par ce ph\u00e9nom\u00e8ne. Nous offrons donc \u00e0 des partenaires la possibilit\u00e9 d\u2019acqu\u00e9rir les programmes valid\u00e9s par la recherche et \u00e9prouv\u00e9s dans le cadre des op\u00e9rations cliniques du Ciasf depuis des ann\u00e9es.<\/p><p>Les programmes d\u00e9velopp\u00e9s par le Ciasf sont \u00ab\u00a0cl\u00e9s en main\u00a0\u00bb, c\u2019est-\u00e0-dire compl\u00e8tement manualis\u00e9s et facilement applicables par des professionnels.<\/p><p>L\u2019acquisition de nos programmes comprend la version papier et num\u00e9rique du programme, la formation visant \u00e0 en assurer l\u2019implantation optimale et une ann\u00e9e de supervision clinique offerte par le Ciasf selon les besoins des diff\u00e9rents milieux. Pour de plus amples informations au sujet de l\u2019acquisition de nos programmes, communiquez avec nous.<\/p>\t\t\t\t\t\t\t\t<\/div>\n\t\t\t\t<\/div>\n\t\t\t\t<\/div>\n\t\t<div class=\"has_eae_slider elementor-element elementor-element-759eedd e-con-full e-flex e-con e-child\" data-eae-slider=\"53040\" data-id=\"759eedd\" data-element_type=\"container\" data-e-type=\"container\">\n\t\t\t\t<div class=\"elementor-element elementor-element-4ae87b5 elementor-widget elementor-widget-heading\" data-id=\"4ae87b5\" data-element_type=\"widget\" data-e-type=\"widget\" data-widget_type=\"heading.default\">\n\t\t\t\t<div class=\"elementor-widget-container\">\n\t\t\t\t\t<h2 class=\"elementor-heading-title elementor-size-default\">Pr\u00e9vention des abus sexuels aupr\u00e8s des enfants<\/h2>\t\t\t\t<\/div>\n\t\t\t\t<\/div>\n\t\t\t\t<div class=\"elementor-element elementor-element-1bffa69 elementor-widget-mobile__width-auto no_margin_bt elementor-widget elementor-widget-text-editor\" data-id=\"1bffa69\" data-element_type=\"widget\" data-e-type=\"widget\" data-widget_type=\"text-editor.default\">\n\t\t\t\t<div class=\"elementor-widget-container\">\n\t\t\t\t\t\t\t\t\t<p><em>-3 \u00e0 5 ans-<\/em><\/p><p>Le programme de pr\u00e9vention des abus sexuels pour les enfants de 3 \u00e0 5 ans est \u00e0 l\u2019intention des enfants provenant de milieux \u00e0 risques. Ce programme novateur se d\u00e9roule sur une p\u00e9riode de dix semaines (1,5 heures par rencontre) et a \u00e9t\u00e9 d\u00e9velopp\u00e9 par le Ciasf. L\u2019achat de ce programme comprend :<\/p><ul><li>Une demie-journ\u00e9e de formation;<\/li><li>Des supervisions en t\u00e9l\u00e9-pratiques pour les deux premi\u00e8res sessions;<\/li><li>Une mallette comprenant le programme d\u00e9taill\u00e9, les formulaires n\u00e9cessaires, les outils d\u2019intervention, des renseignements g\u00e9n\u00e9raux sur l\u2019abus sexuel, etc.<\/li><\/ul><p>Pour commander ce programme, veuillez communiquer avec nous.<\/p>\t\t\t\t\t\t\t\t<\/div>\n\t\t\t\t<\/div>\n\t\t\t\t<\/div>\n\t\t<div class=\"has_eae_slider elementor-element elementor-element-6910feb e-con-full e-flex e-con e-child\" data-eae-slider=\"82665\" data-id=\"6910feb\" data-element_type=\"container\" data-e-type=\"container\">\n\t\t\t\t<div class=\"elementor-element elementor-element-56c8d29 elementor-widget elementor-widget-heading\" data-id=\"56c8d29\" data-element_type=\"widget\" data-e-type=\"widget\" data-widget_type=\"heading.default\">\n\t\t\t\t<div class=\"elementor-widget-container\">\n\t\t\t\t\t<h2 class=\"elementor-heading-title elementor-size-default\">Groupe th\u00e9rapeutique pour les enfants victimes d\u2019abus sexuels<\/h2>\t\t\t\t<\/div>\n\t\t\t\t<\/div>\n\t\t\t\t<div class=\"elementor-element elementor-element-4ce49fb elementor-widget-mobile__width-auto no_margin_bt elementor-widget elementor-widget-text-editor\" data-id=\"4ce49fb\" data-element_type=\"widget\" data-e-type=\"widget\" data-widget_type=\"text-editor.default\">\n\t\t\t\t<div class=\"elementor-widget-container\">\n\t\t\t\t\t\t\t\t\t<p><em>-6 \u00e0 8 ans-<\/em><\/p><p>Le programme de th\u00e9rapie pour les enfants de 6 \u00e0 8 ans ayant v\u00e9cu un abus sexuel se d\u00e9roule sur une p\u00e9riode de 14 rencontres hebdomadaires d\u2019une dur\u00e9e de 2 heures et a \u00e9t\u00e9 d\u00e9velopp\u00e9 par le Ciasf.<br \/>L\u2019achat de ce programme comprend :<\/p><ul><li>Une journ\u00e9e de formation;<\/li><li>Des supervisions en t\u00e9l\u00e9-pratique pour les deux premi\u00e8res sessions;<\/li><li>Un cahier comprenant le programme d\u00e9taill\u00e9, les formulaires n\u00e9cessaires, les outils d\u2019intervention, des renseignements g\u00e9n\u00e9raux sur l\u2019abus sexuel, etc., ainsi que les informations sur la validation du programme et les \u00e9tudes appuyant son contenu;<\/li><li>Une cl\u00e9 USB sur laquelle les contenus et les outils permettent une personnalisation \u00e0 l\u2019effigie de votre organisation.<\/li><\/ul><p>Pour commander ce programme, veuillez communiquer avec nous.<\/p>\t\t\t\t\t\t\t\t<\/div>\n\t\t\t\t<\/div>\n\t\t\t\t<\/div>\n\t\t<div class=\"has_eae_slider elementor-element elementor-element-b2b496c e-con-full e-flex e-con e-child\" data-eae-slider=\"62356\" data-id=\"b2b496c\" data-element_type=\"container\" data-e-type=\"container\">\n\t\t\t\t<div class=\"elementor-element elementor-element-ed1eccd elementor-widget elementor-widget-heading\" data-id=\"ed1eccd\" data-element_type=\"widget\" data-e-type=\"widget\" data-widget_type=\"heading.default\">\n\t\t\t\t<div class=\"elementor-widget-container\">\n\t\t\t\t\t<h2 class=\"elementor-heading-title elementor-size-default\">Groupe th\u00e9rapeutique pour les enfants victimes d\u2019abus sexuels<\/h2>\t\t\t\t<\/div>\n\t\t\t\t<\/div>\n\t\t\t\t<div class=\"elementor-element elementor-element-37638a0 elementor-widget-mobile__width-auto no_margin_bt elementor-widget elementor-widget-text-editor\" data-id=\"37638a0\" data-element_type=\"widget\" data-e-type=\"widget\" data-widget_type=\"text-editor.default\">\n\t\t\t\t<div class=\"elementor-widget-container\">\n\t\t\t\t\t\t\t\t\t<p><em>-9 \u00e0 12 ans-<\/em><\/p><p>Le programme de th\u00e9rapie pour les enfants de 9 \u00e0 12 ans ayant v\u00e9cu un abus sexuel se d\u00e9roule sur une p\u00e9riode de 14 rencontres hebdomadaires d\u2019une dur\u00e9e de 2 heures et a \u00e9t\u00e9 d\u00e9velopp\u00e9 par le Ciasf.<br \/>L\u2019achat de ce programme comprend :<\/p><ul><li>Une journ\u00e9e de formation;<\/li><li>Des supervisions en t\u00e9l\u00e9-pratique pour les deux premi\u00e8res sessions;<\/li><li>Un cahier comprenant le programme d\u00e9taill\u00e9, les formulaires n\u00e9cessaires, les outils d\u2019intervention, des renseignements g\u00e9n\u00e9raux sur l\u2019abus sexuel, etc., ainsi que les informations sur la validation du programme et les \u00e9tudes appuyant son contenu;<\/li><li>Une cl\u00e9 USB sur laquelle les contenus et les outils permettent une personnalisation \u00e0 l\u2019effigie de votre organisation.<\/li><\/ul><p>Pour commander ce programme, veuillez communiquer avec nous.<\/p>\t\t\t\t\t\t\t\t<\/div>\n\t\t\t\t<\/div>\n\t\t\t\t<\/div>\n\t\t<div class=\"has_eae_slider elementor-element elementor-element-744feb1 e-con-full e-flex e-con e-child\" data-eae-slider=\"75681\" data-id=\"744feb1\" data-element_type=\"container\" data-e-type=\"container\">\n\t\t\t\t<div class=\"elementor-element elementor-element-3353a66 elementor-widget elementor-widget-heading\" data-id=\"3353a66\" data-element_type=\"widget\" data-e-type=\"widget\" data-widget_type=\"heading.default\">\n\t\t\t\t<div class=\"elementor-widget-container\">\n\t\t\t\t\t<h2 class=\"elementor-heading-title elementor-size-default\">Groupe th\u00e9rapeutique pour les adolescent(e)s victimes d\u2019abus sexuels\n<\/h2>\t\t\t\t<\/div>\n\t\t\t\t<\/div>\n\t\t\t\t<div class=\"elementor-element elementor-element-faaafc9 elementor-widget-mobile__width-auto no_margin_bt elementor-widget elementor-widget-text-editor\" data-id=\"faaafc9\" data-element_type=\"widget\" data-e-type=\"widget\" data-widget_type=\"text-editor.default\">\n\t\t\t\t<div class=\"elementor-widget-container\">\n\t\t\t\t\t\t\t\t\t<p><em>-13-17 ans-<\/em><\/p><p>Le programme de th\u00e9rapie pour les adolescent(e)s de 13 \u00e0 17 ans ayant v\u00e9cu un abus sexuel se d\u00e9roule sur une p\u00e9riode de 20 \u00e0 24 rencontres hebdomadaires d\u2019une dur\u00e9e de 2,5 heures et a \u00e9t\u00e9 d\u00e9velopp\u00e9 par le Ciasf.<\/p><p>L\u2019achat de ce programme comprend :<\/p><ul><li>1 journ\u00e9e de formation;<\/li><li>Des supervisions en t\u00e9l\u00e9-pratique pour les deux premi\u00e8res sessions;<\/li><li>Un cahier comprenant le programme d\u00e9taill\u00e9, les formulaires n\u00e9cessaires, les outils d\u2019intervention, des renseignements g\u00e9n\u00e9raux sur l\u2019abus sexuel, etc., ainsi que les informations sur la validation du programme et les \u00e9tudes appuyant son contenu;<\/li><li>Une cl\u00e9 USB sur laquelle les contenus et les outils permettent une personnalisation \u00e0 l\u2019effigie de votre organisation.<\/li><\/ul><p>Pour commander ce programme, veuillez communiquer avec nous.<\/p>\t\t\t\t\t\t\t\t<\/div>\n\t\t\t\t<\/div>\n\t\t\t\t<\/div>\n\t\t<div class=\"has_eae_slider elementor-element elementor-element-8d76d16 e-con-full e-flex e-con e-child\" data-eae-slider=\"33809\" data-id=\"8d76d16\" data-element_type=\"container\" data-e-type=\"container\">\n\t\t\t\t<div class=\"elementor-element elementor-element-c6d8871 elementor-widget elementor-widget-heading\" data-id=\"c6d8871\" data-element_type=\"widget\" data-e-type=\"widget\" data-widget_type=\"heading.default\">\n\t\t\t\t<div class=\"elementor-widget-container\">\n\t\t\t\t\t<h2 class=\"elementor-heading-title elementor-size-default\">Groupe pour les parents d\u2019enfant victime d\u2019abus sexuels<\/h2>\t\t\t\t<\/div>\n\t\t\t\t<\/div>\n\t\t\t\t<div class=\"elementor-element elementor-element-67d124a elementor-widget-mobile__width-auto no_margin_bt elementor-widget elementor-widget-text-editor\" data-id=\"67d124a\" data-element_type=\"widget\" data-e-type=\"widget\" data-widget_type=\"text-editor.default\">\n\t\t\t\t<div class=\"elementor-widget-container\">\n\t\t\t\t\t\t\t\t\t<p><em>-Abus sexuel dans un contexte intra familial ou extra familial-<\/em><\/p><p>Ce groupe \u00e0 l\u2019intention des parents d\u2019enfants victimes d\u2019abus sexuels inclu les 13 premi\u00e8res rencontres hebdomadaires (dur\u00e9e de 2,5 heures) en regroupant les personnes touch\u00e9es \u00e0 la fois par des abus intrafamiliaux et extrafamiliaux. Les rencontres suivantes (entre 7 et 13 rencontres suppl\u00e9mentaires) proposent un contenu adapt\u00e9 \u00e0 chacune des deux situations.<br \/>L\u2019achat de ce programme comprend :<\/p><ul><li>Une journ\u00e9e de formation;<\/li><li>Des supervisions en t\u00e9l\u00e9-pratique pour les deux premi\u00e8res sessions;<\/li><li>Un cahier comprenant le programme d\u00e9taill\u00e9, les formulaires n\u00e9cessaires, les outils d\u2019intervention, des renseignements g\u00e9n\u00e9raux sur l\u2019abus sexuel, etc., ainsi que les informations sur la validation du programme et les \u00e9tudes appuyant son contenu;<\/li><li>Une cl\u00e9 USB sur laquelle les contenus et les outils permettent une personnalisation \u00e0 l\u2019effigie de votre organisation.<\/li><\/ul><p>Pour commander ce programme, veuillez communiquer avec nous.<\/p>\t\t\t\t\t\t\t\t<\/div>\n\t\t\t\t<\/div>\n\t\t\t\t<\/div>\n\t\t\t\t<\/div>\n\t\t\t\t<\/div>\n\t\t\t\t\t<\/div>\n\t\t\t\t<\/div>\n\t\t\t\t<section class=\"has_eae_slider elementor-section elementor-top-section elementor-element elementor-element-70e1dd4 elementor-section-full_width elementor-section-stretched elementor-section-height-default elementor-section-height-default\" data-eae-slider=\"69848\" data-id=\"70e1dd4\" data-element_type=\"section\" data-e-type=\"section\" data-settings=\"{&quot;stretch_section&quot;:&quot;section-stretched&quot;,&quot;mdp_selection_sticky_effect_enable&quot;:false}\">\n\t\t\t\t\t\t<div class=\"elementor-container elementor-column-gap-no\">\n\t\t\t\t\t<div class=\"has_eae_slider elementor-column elementor-col-100 elementor-top-column elementor-element elementor-element-e1024b2\" data-eae-slider=\"65054\" data-id=\"e1024b2\" data-element_type=\"column\" data-e-type=\"column\" data-settings=\"{&quot;mdp_selection_sticky_column_effect_enable&quot;:false}\">\n\t\t\t<div class=\"elementor-widget-wrap elementor-element-populated\">\n\t\t\t\t\t\t<div class=\"elementor-element elementor-element-842021d elementor-widget elementor-widget-template\" data-id=\"842021d\" data-element_type=\"widget\" data-e-type=\"widget\" data-widget_type=\"template.default\">\n\t\t\t\t<div class=\"elementor-widget-container\">\n\t\t\t\t\t\t\t<div class=\"elementor-template\">\n\t\t\t\t\t<div data-elementor-type=\"section\" data-elementor-id=\"2117\" class=\"elementor elementor-2117 elementor-1752 elementor-1752\" data-elementor-post-type=\"elementor_library\">\n\t\t\t\t\t<section class=\"has_eae_slider elementor-section elementor-top-section elementor-element elementor-element-2328d41f elementor-section-full_width elementor-section-stretched elementor-section-height-default elementor-section-height-default\" data-eae-slider=\"31158\" data-id=\"2328d41f\" data-element_type=\"section\" data-e-type=\"section\" data-settings=\"{&quot;stretch_section&quot;:&quot;section-stretched&quot;,&quot;mdp_selection_sticky_effect_enable&quot;:false}\">\n\t\t\t\t\t\t<div class=\"elementor-container elementor-column-gap-no\">\n\t\t\t\t\t<div class=\"has_eae_slider elementor-column elementor-col-100 elementor-top-column elementor-element elementor-element-66f2c980\" data-eae-slider=\"21883\" data-id=\"66f2c980\" data-element_type=\"column\" data-e-type=\"column\" data-settings=\"{&quot;mdp_selection_sticky_column_effect_enable&quot;:false}\">\n\t\t\t<div class=\"elementor-widget-wrap elementor-element-populated\">\n\t\t\t\t\t\t<div class=\"elementor-element elementor-element-5bcdca4e e-transform e-transform sticky_btn_quitter_site elementor-widget elementor-widget-button\" data-id=\"5bcdca4e\" data-element_type=\"widget\" data-e-type=\"widget\" data-settings=\"{&quot;_transform_rotateZ_effect&quot;:{&quot;unit&quot;:&quot;px&quot;,&quot;size&quot;:&quot;&quot;,&quot;sizes&quot;:[]},&quot;_transform_rotateZ_effect_widescreen&quot;:{&quot;unit&quot;:&quot;deg&quot;,&quot;size&quot;:&quot;&quot;,&quot;sizes&quot;:[]},&quot;_transform_rotateZ_effect_laptop&quot;:{&quot;unit&quot;:&quot;deg&quot;,&quot;size&quot;:&quot;&quot;,&quot;sizes&quot;:[]},&quot;_transform_rotateZ_effect_tablet_extra&quot;:{&quot;unit&quot;:&quot;deg&quot;,&quot;size&quot;:&quot;&quot;,&quot;sizes&quot;:[]},&quot;_transform_rotateZ_effect_tablet&quot;:{&quot;unit&quot;:&quot;deg&quot;,&quot;size&quot;:&quot;&quot;,&quot;sizes&quot;:[]},&quot;_transform_rotateZ_effect_mobile_extra&quot;:{&quot;unit&quot;:&quot;deg&quot;,&quot;size&quot;:&quot;&quot;,&quot;sizes&quot;:[]},&quot;_transform_rotateZ_effect_mobile&quot;:{&quot;unit&quot;:&quot;deg&quot;,&quot;size&quot;:&quot;&quot;,&quot;sizes&quot;:[]},&quot;_transform_translateX_effect&quot;:{&quot;unit&quot;:&quot;px&quot;,&quot;size&quot;:&quot;&quot;,&quot;sizes&quot;:[]},&quot;_transform_translateX_effect_widescreen&quot;:{&quot;unit&quot;:&quot;px&quot;,&quot;size&quot;:&quot;&quot;,&quot;sizes&quot;:[]},&quot;_transform_translateX_effect_laptop&quot;:{&quot;unit&quot;:&quot;px&quot;,&quot;size&quot;:&quot;&quot;,&quot;sizes&quot;:[]},&quot;_transform_translateX_effect_tablet_extra&quot;:{&quot;unit&quot;:&quot;px&quot;,&quot;size&quot;:&quot;&quot;,&quot;sizes&quot;:[]},&quot;_transform_translateX_effect_tablet&quot;:{&quot;unit&quot;:&quot;px&quot;,&quot;size&quot;:&quot;&quot;,&quot;sizes&quot;:[]},&quot;_transform_translateX_effect_mobile_extra&quot;:{&quot;unit&quot;:&quot;px&quot;,&quot;size&quot;:&quot;&quot;,&quot;sizes&quot;:[]},&quot;_transform_translateX_effect_mobile&quot;:{&quot;unit&quot;:&quot;px&quot;,&quot;size&quot;:&quot;&quot;,&quot;sizes&quot;:[]},&quot;_transform_translateY_effect&quot;:{&quot;unit&quot;:&quot;px&quot;,&quot;size&quot;:&quot;&quot;,&quot;sizes&quot;:[]},&quot;_transform_translateY_effect_widescreen&quot;:{&quot;unit&quot;:&quot;px&quot;,&quot;size&quot;:&quot;&quot;,&quot;sizes&quot;:[]},&quot;_transform_translateY_effect_laptop&quot;:{&quot;unit&quot;:&quot;px&quot;,&quot;size&quot;:&quot;&quot;,&quot;sizes&quot;:[]},&quot;_transform_translateY_effect_tablet_extra&quot;:{&quot;unit&quot;:&quot;px&quot;,&quot;size&quot;:&quot;&quot;,&quot;sizes&quot;:[]},&quot;_transform_translateY_effect_tablet&quot;:{&quot;unit&quot;:&quot;px&quot;,&quot;size&quot;:&quot;&quot;,&quot;sizes&quot;:[]},&quot;_transform_translateY_effect_mobile_extra&quot;:{&quot;unit&quot;:&quot;px&quot;,&quot;size&quot;:&quot;&quot;,&quot;sizes&quot;:[]},&quot;_transform_translateY_effect_mobile&quot;:{&quot;unit&quot;:&quot;px&quot;,&quot;size&quot;:&quot;&quot;,&quot;sizes&quot;:[]}}\" data-widget_type=\"button.default\">\n\t\t\t\t<div class=\"elementor-widget-container\">\n\t\t\t\t\t\t\t\t\t<div class=\"elementor-button-wrapper\">\n\t\t\t\t\t<a class=\"elementor-button elementor-button-link elementor-size-sm\" href=\"https:\/\/www.google.com\/\">\n\t\t\t\t\t\t<span class=\"elementor-button-content-wrapper\">\n\t\t\t\t\t\t<span class=\"elementor-button-icon\">\n\t\t\t\t<svg xmlns=\"http:\/\/www.w3.org\/2000\/svg\" fill=\"none\" height=\"19\" viewBox=\"0 0 19 19\" width=\"19\"><g stroke=\"#fff\" stroke-linecap=\"round\" stroke-linejoin=\"round\" stroke-width=\"2\"><path d=\"m11.7134 3.20413h3c.3978 0 .7793.15804 1.0606.43934.2813.28131.4394.66284.4394 1.06066v10.49997c0 .3979-.1581.7794-.4394 1.0607s-.6628.4393-1.0606.4393h-3\"><\/path><path d=\"m7.96338 13.7041 3.75002-3.74997-3.75002-3.75\"><\/path><path d=\"m11.7134 9.95413h-9.00002\"><\/path><\/g><\/svg>\t\t\t<\/span>\n\t\t\t\t\t\t\t\t\t<span class=\"elementor-button-text\">Leave the site<\/span>\n\t\t\t\t\t<\/span>\n\t\t\t\t\t<\/a>\n\t\t\t\t<\/div>\n\t\t\t\t\t\t\t\t<\/div>\n\t\t\t\t<\/div>\n\t\t\t\t\t<\/div>\n\t\t<\/div>\n\t\t\t\t\t<\/div>\n\t\t<\/section>\n\t\t\t\t<\/div>\n\t\t\t\t<\/div>\n\t\t\t\t\t\t<\/div>\n\t\t\t\t<\/div>\n\t\t\t\t\t<\/div>\n\t\t<\/div>\n\t\t\t\t\t<\/div>\n\t\t<\/section>\n\t\t\t\t<\/div>\n\t\t","protected":false},"excerpt":{"rendered":"<p>Le Ciasf est fort de son expertise en mati\u00e8re de traitement et de pr\u00e9vention des violences sexuelles \u00e0 l\u2019intention des enfants et de l\u2019ensemble des personnes touch\u00e9es par ce ph\u00e9nom\u00e8ne. Nous offrons donc \u00e0 des partenaires la possibilit\u00e9 d\u2019acqu\u00e9rir les programmes valid\u00e9s par la recherche et \u00e9prouv\u00e9s dans le cadre des op\u00e9rations cliniques du Ciasf [&hellip;]<\/p>\n","protected":false},"author":1,"featured_media":0,"parent":0,"menu_order":4,"comment_status":"closed","ping_status":"closed","template":"","meta":{"_acf_changed":false,"_seopress_robots_primary_cat":"","_seopress_titles_title":"","_seopress_titles_desc":"","_seopress_robots_index":"","inline_featured_image":false,"footnotes":""},"class_list":["post-4306","page","type-page","status-publish","hentry"],"acf":[],"_links":{"self":[{"href":"https:\/\/ciasf.org\/en\/wp-json\/wp\/v2\/pages\/4306","targetHints":{"allow":["GET"]}}],"collection":[{"href":"https:\/\/ciasf.org\/en\/wp-json\/wp\/v2\/pages"}],"about":[{"href":"https:\/\/ciasf.org\/en\/wp-json\/wp\/v2\/types\/page"}],"author":[{"embeddable":true,"href":"https:\/\/ciasf.org\/en\/wp-json\/wp\/v2\/users\/1"}],"replies":[{"embeddable":true,"href":"https:\/\/ciasf.org\/en\/wp-json\/wp\/v2\/comments?post=4306"}],"version-history":[{"count":15,"href":"https:\/\/ciasf.org\/en\/wp-json\/wp\/v2\/pages\/4306\/revisions"}],"predecessor-version":[{"id":4696,"href":"https:\/\/ciasf.org\/en\/wp-json\/wp\/v2\/pages\/4306\/revisions\/4696"}],"wp:attachment":[{"href":"https:\/\/ciasf.org\/en\/wp-json\/wp\/v2\/media?parent=4306"}],"curies":[{"name":"wp","href":"https:\/\/api.w.org\/{rel}","templated":true}]}}