{"id":3374,"date":"2025-08-20T11:58:21","date_gmt":"2025-08-20T15:58:21","guid":{"rendered":"https:\/\/ciasf.org\/?page_id=3374"},"modified":"2025-08-20T13:54:22","modified_gmt":"2025-08-20T17:54:22","slug":"trucs-et-conseils","status":"publish","type":"page","link":"https:\/\/ciasf.org\/en\/trucs-et-conseils\/","title":{"rendered":"Trucs et conseils"},"content":{"rendered":"\t\t<div data-elementor-type=\"wp-page\" data-elementor-id=\"3374\" class=\"elementor elementor-3374\" data-elementor-post-type=\"page\">\n\t\t\t\t\t\t<section class=\"has_eae_slider elementor-section elementor-top-section elementor-element elementor-element-3a7d545 elementor-section-boxed elementor-section-height-default elementor-section-height-default\" data-eae-slider=\"30043\" data-id=\"3a7d545\" data-element_type=\"section\" data-e-type=\"section\" data-settings=\"{&quot;background_background&quot;:&quot;classic&quot;,&quot;mdp_selection_sticky_effect_enable&quot;:false}\">\n\t\t\t\t\t\t<div class=\"elementor-container elementor-column-gap-default\">\n\t\t\t\t\t<div class=\"has_eae_slider elementor-column elementor-col-100 elementor-top-column elementor-element elementor-element-5571bb3\" data-eae-slider=\"13120\" data-id=\"5571bb3\" data-element_type=\"column\" data-e-type=\"column\" data-settings=\"{&quot;mdp_selection_sticky_column_effect_enable&quot;:false}\">\n\t\t\t<div class=\"elementor-widget-wrap elementor-element-populated\">\n\t\t\t\t\t\t<div class=\"elementor-element elementor-element-cb7d734 elementor-widget elementor-widget-heading\" data-id=\"cb7d734\" data-element_type=\"widget\" data-e-type=\"widget\" data-widget_type=\"heading.default\">\n\t\t\t\t<div class=\"elementor-widget-container\">\n\t\t\t\t\t<h2 class=\"elementor-heading-title elementor-size-default\">Trucs et conseils\n<\/h2>\t\t\t\t<\/div>\n\t\t\t\t<\/div>\n\t\t\t\t\t<\/div>\n\t\t<\/div>\n\t\t\t\t\t<\/div>\n\t\t<\/section>\n\t\t\t\t<section class=\"has_eae_slider elementor-section elementor-top-section elementor-element elementor-element-e36e826 elementor-section-boxed elementor-section-height-default elementor-section-height-default\" data-eae-slider=\"40754\" data-id=\"e36e826\" data-element_type=\"section\" data-e-type=\"section\" data-settings=\"{&quot;mdp_selection_sticky_effect_enable&quot;:false}\">\n\t\t\t\t\t\t<div class=\"elementor-container elementor-column-gap-default\">\n\t\t\t\t\t<div class=\"has_eae_slider elementor-column elementor-col-100 elementor-top-column elementor-element elementor-element-a618551\" data-eae-slider=\"39504\" data-id=\"a618551\" data-element_type=\"column\" data-e-type=\"column\" data-settings=\"{&quot;mdp_selection_sticky_column_effect_enable&quot;:false}\">\n\t\t\t<div class=\"elementor-widget-wrap elementor-element-populated\">\n\t\t\t\t\t\t<div class=\"elementor-element elementor-element-f54e883 elementor-grid-eael-col-3 elementor-grid-tablet-eael-col-2 elementor-grid-mobile-eael-col-1 elementor-widget elementor-widget-eael-post-grid\" data-id=\"f54e883\" data-element_type=\"widget\" data-e-type=\"widget\" data-settings=\"{&quot;eael_post_grid_columns&quot;:&quot;eael-col-3&quot;,&quot;eael_post_grid_columns_tablet&quot;:&quot;eael-col-2&quot;,&quot;eael_post_grid_columns_mobile&quot;:&quot;eael-col-1&quot;}\" data-widget_type=\"eael-post-grid.default\">\n\t\t\t\t<div class=\"elementor-widget-container\">\n\t\t\t\t\t<div id=\"eael-post-grid-f54e883\" class=\"eael-post-grid-container\">\n            <div class=\"eael-post-grid eael-post-appender eael-post-appender-f54e883 eael-post-grid-style-two\" data-layout-mode=\"grid\"><p class=\"no-posts-found\">No posts found!<\/p><\/div>\n            <div class=\"clearfix\"><\/div>\n        <\/div>\t\t\t\t<\/div>\n\t\t\t\t<\/div>\n\t\t\t\t\t<\/div>\n\t\t<\/div>\n\t\t\t\t\t<\/div>\n\t\t<\/section>\n\t\t\t\t<\/div>\n\t\t","protected":false},"excerpt":{"rendered":"<p>Trucs et conseils Le c\u00e2lin du papillon Le c\u00e2lin du papillon ???????? Le \u00ab c\u00e2lin du papillon \u00bb est un geste simple et r\u00e9confortant \u00e0 partager avec votre enfant.Il consiste \u00e0 croiser&#8230; Lire la suite \u2192<\/p>\n","protected":false},"author":1,"featured_media":0,"parent":0,"menu_order":0,"comment_status":"closed","ping_status":"closed","template":"","meta":{"_acf_changed":false,"_seopress_robots_primary_cat":"","_seopress_titles_title":"","_seopress_titles_desc":"","_seopress_robots_index":"","inline_featured_image":false,"footnotes":""},"class_list":["post-3374","page","type-page","status-publish","hentry"],"acf":[],"_links":{"self":[{"href":"https:\/\/ciasf.org\/en\/wp-json\/wp\/v2\/pages\/3374","targetHints":{"allow":["GET"]}}],"collection":[{"href":"https:\/\/ciasf.org\/en\/wp-json\/wp\/v2\/pages"}],"about":[{"href":"https:\/\/ciasf.org\/en\/wp-json\/wp\/v2\/types\/page"}],"author":[{"embeddable":true,"href":"https:\/\/ciasf.org\/en\/wp-json\/wp\/v2\/users\/1"}],"replies":[{"embeddable":true,"href":"https:\/\/ciasf.org\/en\/wp-json\/wp\/v2\/comments?post=3374"}],"version-history":[{"count":16,"href":"https:\/\/ciasf.org\/en\/wp-json\/wp\/v2\/pages\/3374\/revisions"}],"predecessor-version":[{"id":3428,"href":"https:\/\/ciasf.org\/en\/wp-json\/wp\/v2\/pages\/3374\/revisions\/3428"}],"wp:attachment":[{"href":"https:\/\/ciasf.org\/en\/wp-json\/wp\/v2\/media?parent=3374"}],"curies":[{"name":"wp","href":"https:\/\/api.w.org\/{rel}","templated":true}]}}