{"id":222,"date":"2023-01-23T17:02:18","date_gmt":"2023-01-23T22:02:18","guid":{"rendered":"https:\/\/ciasf.org\/?page_id=222"},"modified":"2024-11-25T05:06:49","modified_gmt":"2024-11-25T10:06:49","slug":"recherches","status":"publish","type":"page","link":"https:\/\/ciasf.org\/en\/recherches\/","title":{"rendered":"Recherches"},"content":{"rendered":"<style>\/*! elementor - v3.10.2 - 29-01-2023 *\/<br \/>.elementor-heading-title{padding:0;margin:0;line-height:1}.elementor-widget-heading .elementor-heading-title[class*=elementor-size-]>a{color:inherit;font-size:inherit;line-height:inherit}.elementor-widget-heading .elementor-heading-title.elementor-size-small{font-size:15px}.elementor-widget-heading .elementor-heading-title.elementor-size-medium{font-size:19px}.elementor-widget-heading .elementor-heading-title.elementor-size-large{font-size:29px}.elementor-widget-heading .elementor-heading-title.elementor-size-xl{font-size:39px}.elementor-widget-heading .elementor-heading-title.elementor-size-xxl{font-size:59px}<\/style>\n<h2>La recherche, une priorit\u00e9<\/h2>\n<p>Depuis plusieurs ann\u00e9es, le Ciasf \u00e9volue notamment gr\u00e2ce \u00e0 la grande contribution de plusieurs \u00e9quipes de chercheurs universitaires qui \u00e9valuent l&#8217;impact des services offerts sur les enfants et leur famille. Dans une perspective d&#8217;am\u00e9lioration continue, nous adaptons continuellement les contenus offerts afin d&#8217;int\u00e9grer les donn\u00e9es probantes offertes par la recherche.<br \/>\nDes chercheurs de renom sont partenaires du Ciasf depuis plusieurs ann\u00e9es, notamment:<\/p>\n<ul>\n<li>Isabelle Daigneault, PHD., chercheure<\/li>\n<li>Monique Tardif, Ph.D., chercheure titulaire<\/li>\n<li>Martine H\u00e9bert, Ph.D., chercheure<\/li>\n<li>Marc Tourigny, Ph.D., chercheur<\/li>\n<li>Mireille Cyr, Ph.D., chercheure<\/li>\n<\/ul>\n<style>\/*! elementor - v3.10.2 - 29-01-2023 *\/<br \/>.elementor-widget-image{text-align:center}.elementor-widget-image a{display:inline-block}.elementor-widget-image a img[src$=\".svg\"]{width:48px}.elementor-widget-image img{vertical-align:middle;display:inline-block}<\/style>\n<p><a href=\"https:\/\/www.cripcas.ca\/index.php\/fr\/\" target=\"_blank\" rel=\"noopener\"><br \/>\n<img fetchpriority=\"high\" decoding=\"async\" src=\"https:\/\/ciasf.org\/wp-content\/uploads\/2023\/01\/cripcas-logo-400-e1674839100975.jpg\" sizes=\"(max-width: 400px) 100vw, 400px\" srcset=\"https:\/\/ciasf.org\/wp-content\/uploads\/2023\/01\/cripcas-logo-400-e1674839100975.jpg 400w, https:\/\/ciasf.org\/wp-content\/uploads\/2023\/01\/cripcas-logo-400-e1674839100975-300x189.jpg 300w\" alt=\"\" width=\"400\" height=\"252\" \/> <\/a><br \/>\nLe Ciasf est un fier partenaire du Centre de recherche interdisciplinaire sur les probl\u00e8mes conjugaux et les agressions sexuelles (CRIPCAS). Nous faisons \u00e9galement partie du <a style=\"color: #ed4c20;\" href=\"https:\/\/www.cripcas.ca\/index.php\/fr\/membres\/conseil-de-direction\" target=\"_blank\" rel=\"noopener\">Conseil de Direction<\/a> de cette organisation.<br \/>\nSa mission :Le CRIPCAS a pour objectif d&#8217;approfondir le champ des connaissances quant aux agressions sexuelleset aux probl\u00e8mes conjugaux, et ce, en tenant compte des aspects d&#8217;interaction et de l&#8217;intersectorialit\u00e9 entre ces deux th\u00e9matiques. Il vise \u00e0 promouvoir la r\u00e9alisation d\u2019activit\u00e9s de recherche, de formation et de transfert de connaissances sur les probl\u00e8mes conjugaux et les agressions sexuelles ainsi que leurs chevauchements.<br \/>\n<img decoding=\"async\" src=\"https:\/\/ciasf.org\/wp-content\/uploads\/2023\/01\/ciasf-recherches.png\" sizes=\"(max-width: 1398px) 100vw, 1398px\" srcset=\"https:\/\/ciasf.org\/wp-content\/uploads\/2023\/01\/ciasf-recherches.png 1398w, https:\/\/ciasf.org\/wp-content\/uploads\/2023\/01\/ciasf-recherches-300x107.png 300w, https:\/\/ciasf.org\/wp-content\/uploads\/2023\/01\/ciasf-recherches-1024x366.png 1024w, https:\/\/ciasf.org\/wp-content\/uploads\/2023\/01\/ciasf-recherches-768x275.png 768w\" alt=\"\" width=\"1398\" height=\"500\" \/><\/p>\n<h2>Quelques recherches r\u00e9alis\u00e9es au Ciasf<\/h2>\n<style>.elementor-widget-image-box .elementor-image-box-content{width:100%}@media (min-width:768px){.elementor-widget-image-box.elementor-position-left .elementor-image-box-wrapper,.elementor-widget-image-box.elementor-position-right .elementor-image-box-wrapper{display:flex}.elementor-widget-image-box.elementor-position-right .elementor-image-box-wrapper{text-align:right;flex-direction:row-reverse}.elementor-widget-image-box.elementor-position-left .elementor-image-box-wrapper{text-align:left;flex-direction:row}.elementor-widget-image-box.elementor-position-top .elementor-image-box-img{margin:auto}.elementor-widget-image-box.elementor-vertical-align-top .elementor-image-box-wrapper{align-items:flex-start}.elementor-widget-image-box.elementor-vertical-align-middle .elementor-image-box-wrapper{align-items:center}.elementor-widget-image-box.elementor-vertical-align-bottom .elementor-image-box-wrapper{align-items:flex-end}}@media (max-width:767px){.elementor-widget-image-box .elementor-image-box-img{margin-left:auto!important;margin-right:auto!important;margin-bottom:15px}}.elementor-widget-image-box .elementor-image-box-img{display:inline-block}.elementor-widget-image-box .elementor-image-box-title a{color:inherit}.elementor-widget-image-box .elementor-image-box-wrapper{text-align:center}.elementor-widget-image-box .elementor-image-box-description{margin:0}<\/style>\n<figure><a href=\"https:\/\/ciasf.org\/wp-content\/uploads\/2023\/01\/Bilan-de-la-recherche-CIASF-2016.07.14.pdf\" target=\"_blank\" rel=\"noopener\"><img decoding=\"async\" src=\"https:\/\/ciasf.org\/wp-content\/uploads\/2023\/01\/PDF_file_icon2.png\" alt=\"\" width=\"98\" height=\"120\" \/><\/a><\/figure>\n<h3><a href=\"https:\/\/ciasf.org\/wp-content\/uploads\/2023\/01\/Bilan-de-la-recherche-CIASF-2016.07.14.pdf\" target=\"_blank\" rel=\"noopener\">2011-2016<\/a><\/h3>\n<p>Les interventions offertes aux victimes d&#8217;agression sexuelle a\u0302ge\u0301es de 6 a\u0300 12 ans par le Centre d&#8217;intervention en abus sexuels pour la famille<\/p>\n<p><a role=\"button\" href=\"https:\/\/ciasf.org\/wp-content\/uploads\/2023\/01\/Bilan-de-la-recherche-CIASF-2016.07.14.pdf\" target=\"_blank\" rel=\"noopener\"><br \/>\nLire la suite +<br \/>\n<\/a><\/p>\n<figure><a href=\"https:\/\/ciasf.org\/wp-content\/uploads\/2023\/01\/1bd43f_75f8b12147d145b9a644f33fbc44c653.pdf\" target=\"_blank\" rel=\"noopener\"><img decoding=\"async\" src=\"https:\/\/ciasf.org\/wp-content\/uploads\/2023\/01\/PDF_file_icon2.png\" alt=\"\" width=\"98\" height=\"120\" \/><\/a><\/figure>\n<h3><a href=\"https:\/\/ciasf.org\/wp-content\/uploads\/2023\/01\/1bd43f_75f8b12147d145b9a644f33fbc44c653.pdf\" target=\"_blank\" rel=\"noopener\">2015-2016 <\/a><\/h3>\n<p>Les interventions offertes aux victimes d&#8217;agression sexuelle a\u0302ge\u0301es de 6 a\u0300 12 ans par le Centre d&#8217;intervention en abus sexuels pour la famille<\/p>\n<p><a role=\"button\" href=\"https:\/\/ciasf.org\/wp-content\/uploads\/2023\/01\/1bd43f_75f8b12147d145b9a644f33fbc44c653.pdf\" target=\"_blank\" rel=\"noopener\"><br \/>\nLire la suite +<br \/>\n<\/a><\/p>\n<figure><a href=\"https:\/\/ciasf.org\/wp-content\/uploads\/2023\/01\/1bd43f_1824289f9db249fd9dd6d2f5df823f6e.pdf\" target=\"_blank\" rel=\"noopener\"><img decoding=\"async\" src=\"https:\/\/ciasf.org\/wp-content\/uploads\/2023\/01\/PDF_file_icon2.png\" alt=\"\" width=\"98\" height=\"120\" \/><\/a><\/figure>\n<h3><a href=\"https:\/\/ciasf.org\/wp-content\/uploads\/2023\/01\/1bd43f_1824289f9db249fd9dd6d2f5df823f6e.pdf\" target=\"_blank\" rel=\"noopener\">Juillet 2003<\/a><\/h3>\n<p>Comparaison du profil psychosocial d\u2019adolescents agresseurs sexuels ayant subi ou non une agression sexuelle pendant l\u2019enfance<\/p>\n<p><a role=\"button\" href=\"https:\/\/ciasf.org\/wp-content\/uploads\/2023\/01\/1bd43f_1824289f9db249fd9dd6d2f5df823f6e.pdf\" target=\"_blank\" rel=\"noopener\"><br \/>\nLire la suite +<br \/>\n<\/a><\/p>\n<figure><a href=\"https:\/\/ciasf.org\/wp-content\/uploads\/2023\/01\/1bd43f_dc8d13a07815463faa5ed38c7c09cb57.pdf\" target=\"_blank\" rel=\"noopener\"><img decoding=\"async\" src=\"https:\/\/ciasf.org\/wp-content\/uploads\/2023\/01\/PDF_file_icon2.png\" alt=\"\" width=\"98\" height=\"120\" \/><\/a><\/figure>\n<h3><a href=\"https:\/\/ciasf.org\/wp-content\/uploads\/2023\/01\/1bd43f_dc8d13a07815463faa5ed38c7c09cb57.pdf\" target=\"_blank\" rel=\"noopener\">Rapport de recherche<\/a><\/h3>\n<p>Efficacit\u00e9 d&#8217;une intervention de groupe aupr\u00e8s d&#8217;adolescentes ayant v\u00e9cu une agression sexuelle<\/p>\n<p><a role=\"button\" href=\"https:\/\/ciasf.org\/wp-content\/uploads\/2023\/01\/1bd43f_dc8d13a07815463faa5ed38c7c09cb57.pdf\" target=\"_blank\" rel=\"noopener\"><br \/>\nLire la suite +<br \/>\n<\/a><\/p>\n<figure><a href=\"https:\/\/ciasf.org\/wp-content\/uploads\/2023\/01\/1bd43f_4eb5d2dca4e74b008584e31ea5606fc5.pdf\" target=\"_blank\" rel=\"noopener\"><img decoding=\"async\" src=\"https:\/\/ciasf.org\/wp-content\/uploads\/2023\/01\/PDF_file_icon2.png\" alt=\"\" width=\"98\" height=\"120\" \/><\/a><\/figure>\n<h3><a href=\"https:\/\/ciasf.org\/wp-content\/uploads\/2023\/01\/1bd43f_4eb5d2dca4e74b008584e31ea5606fc5.pdf\" target=\"_blank\" rel=\"noopener\">Rapport de recherche<\/a><\/h3>\n<p>Efficacit\u00e9 d&#8217;une intervention de groupe ouvert aupr\u00e8s d&#8217;adolescentes ayant v\u00e9cu une agression sexuelle<\/p>\n<p><a role=\"button\" href=\"https:\/\/ciasf.org\/wp-content\/uploads\/2023\/01\/1bd43f_4eb5d2dca4e74b008584e31ea5606fc5.pdf\" target=\"_blank\" rel=\"noopener\"><br \/>\nLire la suite +<br \/>\n<\/a><\/p>\n<figure><a href=\"https:\/\/ciasf.org\/wp-content\/uploads\/2023\/01\/1bd43f_aac2ac63f6f34d329ea50b69f14b80f4.pdf\" target=\"_blank\" rel=\"noopener\"><img decoding=\"async\" src=\"https:\/\/ciasf.org\/wp-content\/uploads\/2023\/01\/PDF_file_icon2.png\" alt=\"\" width=\"98\" height=\"120\" \/><\/a><\/figure>\n<h3><a href=\"https:\/\/ciasf.org\/wp-content\/uploads\/2023\/01\/1bd43f_aac2ac63f6f34d329ea50b69f14b80f4.pdf\" target=\"_blank\" rel=\"noopener\">R\u00e9sultats<\/a><\/h3>\n<p>R\u00e9sultats pr\u00e9liminaires de l\u2019\u00e9valuation de l\u2019efficacit\u00e9 d\u2019un programme d\u2019intervention de groupe pour les enfants de 6 \u00e0 12 ans agress\u00e9s sexuellement<\/p>\n<p><a role=\"button\" href=\"https:\/\/ciasf.org\/wp-content\/uploads\/2023\/01\/1bd43f_aac2ac63f6f34d329ea50b69f14b80f4.pdf\" target=\"_blank\" rel=\"noopener\"><br \/>\nLire la suite +<br \/>\n<\/a><\/p>\n<figure><a href=\"https:\/\/ciasf.org\/wp-content\/uploads\/2023\/01\/1bd43f_bf56b998ad264378ab9fa6cc0ba3052b.pdf\" target=\"_blank\" rel=\"noopener\"><img decoding=\"async\" src=\"https:\/\/ciasf.org\/wp-content\/uploads\/2023\/01\/PDF_file_icon2.png\" alt=\"\" width=\"98\" height=\"120\" \/><\/a><\/figure>\n<h3><a href=\"https:\/\/ciasf.org\/wp-content\/uploads\/2023\/01\/1bd43f_bf56b998ad264378ab9fa6cc0ba3052b.pdf\" target=\"_blank\" rel=\"noopener\">Des recherches<\/a><\/h3>\n<p>\u00c9tat des recherches r\u00e9alis\u00e9es au CIASF<\/p>\n<p><a role=\"button\" href=\"https:\/\/ciasf.org\/wp-content\/uploads\/2023\/01\/1bd43f_bf56b998ad264378ab9fa6cc0ba3052b.pdf\" target=\"_blank\" rel=\"noopener\"><br \/>\nLire la suite +<br \/>\n<\/a><\/p>\n<figure><a href=\"https:\/\/ciasf.org\/wp-content\/uploads\/2023\/01\/Recherche-2008-2009-2.ppt\"><img decoding=\"async\" src=\"https:\/\/ciasf.org\/wp-content\/uploads\/2023\/01\/PDF_file_icon2.png\" alt=\"\" width=\"98\" height=\"120\" \/><\/a><\/figure>\n<h3><a href=\"https:\/\/ciasf.org\/wp-content\/uploads\/2023\/01\/Recherche-2008-2009-2.ppt\">Rapport de recherche<\/a><\/h3>\n<p>Efficacit\u00e9 d\u2019un groupe d\u2019intervention pour enfants victimes d\u2019agression sexuelle (PowerPoint)<\/p>\n<p><a role=\"button\" href=\"https:\/\/ciasf.org\/wp-content\/uploads\/2023\/01\/Recherche-2008-2009-2.ppt\"><br \/>\nLire la suite +<br \/>\n<\/a><\/p>\n","protected":false},"excerpt":{"rendered":"<p>La recherche, une priorit\u00e9 Depuis plusieurs ann\u00e9es, le Ciasf \u00e9volue notamment gr\u00e2ce \u00e0 la grande contribution de plusieurs \u00e9quipes de chercheurs universitaires qui \u00e9valuent l&#8217;impact des services offerts sur les enfants et leur famille. Dans une perspective d&#8217;am\u00e9lioration continue, nous adaptons continuellement les contenus offerts afin d&#8217;int\u00e9grer les donn\u00e9es probantes offertes par la recherche. Des [&hellip;]<\/p>\n","protected":false},"author":1,"featured_media":0,"parent":0,"menu_order":0,"comment_status":"closed","ping_status":"closed","template":"","meta":{"_acf_changed":false,"_seopress_robots_primary_cat":"","_seopress_titles_title":"","_seopress_titles_desc":"","_seopress_robots_index":"","inline_featured_image":false,"footnotes":""},"class_list":["post-222","page","type-page","status-publish","hentry"],"acf":[],"_links":{"self":[{"href":"https:\/\/ciasf.org\/en\/wp-json\/wp\/v2\/pages\/222","targetHints":{"allow":["GET"]}}],"collection":[{"href":"https:\/\/ciasf.org\/en\/wp-json\/wp\/v2\/pages"}],"about":[{"href":"https:\/\/ciasf.org\/en\/wp-json\/wp\/v2\/types\/page"}],"author":[{"embeddable":true,"href":"https:\/\/ciasf.org\/en\/wp-json\/wp\/v2\/users\/1"}],"replies":[{"embeddable":true,"href":"https:\/\/ciasf.org\/en\/wp-json\/wp\/v2\/comments?post=222"}],"version-history":[{"count":3,"href":"https:\/\/ciasf.org\/en\/wp-json\/wp\/v2\/pages\/222\/revisions"}],"predecessor-version":[{"id":3185,"href":"https:\/\/ciasf.org\/en\/wp-json\/wp\/v2\/pages\/222\/revisions\/3185"}],"wp:attachment":[{"href":"https:\/\/ciasf.org\/en\/wp-json\/wp\/v2\/media?parent=222"}],"curies":[{"name":"wp","href":"https:\/\/api.w.org\/{rel}","templated":true}]}}