{"id":153,"date":"2023-01-23T16:46:12","date_gmt":"2023-01-23T21:46:12","guid":{"rendered":"https:\/\/ciasf.org\/?page_id=153"},"modified":"2024-11-25T05:55:02","modified_gmt":"2024-11-25T10:55:02","slug":"programmes","status":"publish","type":"page","link":"https:\/\/ciasf.org\/en\/programmes\/","title":{"rendered":"Programmes"},"content":{"rendered":"<style>\/*! elementor - v3.11.4 - 12-03-2023 *\/<br \/>.elementor-heading-title{padding:0;margin:0;line-height:1}.elementor-widget-heading .elementor-heading-title[class*=elementor-size-]>a{color:inherit;font-size:inherit;line-height:inherit}.elementor-widget-heading .elementor-heading-title.elementor-size-small{font-size:15px}.elementor-widget-heading .elementor-heading-title.elementor-size-medium{font-size:19px}.elementor-widget-heading .elementor-heading-title.elementor-size-large{font-size:29px}.elementor-widget-heading .elementor-heading-title.elementor-size-xl{font-size:39px}.elementor-widget-heading .elementor-heading-title.elementor-size-xxl{font-size:59px}<\/style>\n<h2>Nos programmes<\/h2>\n<h2>Acqu\u00e9rir nos programmes th\u00e9rapeutiques valid\u00e9s<\/h2>\n<p>Le Ciasf est fort de son expertise en mati\u00e8re de traitement et de pr\u00e9vention des agressions sexuelles \u00e0 l&#8217;intention des enfants et de l&#8217;ensemble des personnes touch\u00e9es par ce ph\u00e9nom\u00e8ne. Nous offrons donc \u00e0 des partenaires la possibilit\u00e9 d&#8217;acqu\u00e9rir les programmes valid\u00e9s par la recherche et \u00e9prouv\u00e9s dans le cadre des op\u00e9rations cliniques du Ciasf depuis des ann\u00e9es.<\/p>\n<p>Les programmes d\u00e9velopp\u00e9s par le Ciasf sont &#8220;cl\u00e9s en main&#8221;, c&#8217;est-\u00e0-dire compl\u00e8tement manualis\u00e9s et facilement applicables par des professionnels.<\/p>\n<p>L&#8217;acquisition de nos programmes comprend la version papier et num\u00e9rique du programme, la formation visant \u00e0 en assurer l&#8217;implantation optimale et une ann\u00e9e de supervision clinique offerte par le Ciasf selon les besoins des diff\u00e9rents milieux. Pour de plus amples informations au sujet de l&#8217;acquisition de nos programmes, communiquez avec nous.<\/p>\n<h3>Pr\u00e9vention des abus sexuels aupr\u00e8s des enfants<\/h3>\n<p><em>-3 \u00e0 5 ans-<\/em><\/p>\n<style>\/*! elementor - v3.11.4 - 12-03-2023 *\/<br \/>.elementor-widget-divider{--divider-border-style:none;--divider-border-width:1px;--divider-color:#2c2c2c;--divider-icon-size:20px;--divider-element-spacing:10px;--divider-pattern-height:24px;--divider-pattern-size:20px;--divider-pattern-url:none;--divider-pattern-repeat:repeat-x}.elementor-widget-divider .elementor-divider{display:flex}.elementor-widget-divider .elementor-divider__text{font-size:15px;line-height:1;max-width:95%}.elementor-widget-divider .elementor-divider__element{margin:0 var(--divider-element-spacing);flex-shrink:0}.elementor-widget-divider .elementor-icon{font-size:var(--divider-icon-size)}.elementor-widget-divider .elementor-divider-separator{display:flex;margin:0;direction:ltr}.elementor-widget-divider--view-line_icon .elementor-divider-separator,.elementor-widget-divider--view-line_text .elementor-divider-separator{align-items:center}.elementor-widget-divider--view-line_icon .elementor-divider-separator:after,.elementor-widget-divider--view-line_icon .elementor-divider-separator:before,.elementor-widget-divider--view-line_text .elementor-divider-separator:after,.elementor-widget-divider--view-line_text .elementor-divider-separator:before{display:block;content:\"\";border-bottom:0;flex-grow:1;border-top:var(--divider-border-width) var(--divider-border-style) var(--divider-color)}.elementor-widget-divider--element-align-left .elementor-divider .elementor-divider-separator>.elementor-divider__svg:first-of-type{flex-grow:0;flex-shrink:100}.elementor-widget-divider--element-align-left .elementor-divider-separator:before{content:none}.elementor-widget-divider--element-align-left .elementor-divider__element{margin-left:0}.elementor-widget-divider--element-align-right .elementor-divider .elementor-divider-separator>.elementor-divider__svg:last-of-type{flex-grow:0;flex-shrink:100}.elementor-widget-divider--element-align-right .elementor-divider-separator:after{content:none}.elementor-widget-divider--element-align-right .elementor-divider__element{margin-right:0}.elementor-widget-divider:not(.elementor-widget-divider--view-line_text):not(.elementor-widget-divider--view-line_icon) .elementor-divider-separator{border-top:var(--divider-border-width) var(--divider-border-style) var(--divider-color)}.elementor-widget-divider--separator-type-pattern{--divider-border-style:none}.elementor-widget-divider--separator-type-pattern.elementor-widget-divider--view-line .elementor-divider-separator,.elementor-widget-divider--separator-type-pattern:not(.elementor-widget-divider--view-line) .elementor-divider-separator:after,.elementor-widget-divider--separator-type-pattern:not(.elementor-widget-divider--view-line) .elementor-divider-separator:before,.elementor-widget-divider--separator-type-pattern:not([class*=elementor-widget-divider--view]) .elementor-divider-separator{width:100%;min-height:var(--divider-pattern-height);-webkit-mask-size:var(--divider-pattern-size) 100%;mask-size:var(--divider-pattern-size) 100%;-webkit-mask-repeat:var(--divider-pattern-repeat);mask-repeat:var(--divider-pattern-repeat);background-color:var(--divider-color);-webkit-mask-image:var(--divider-pattern-url);mask-image:var(--divider-pattern-url)}.elementor-widget-divider--no-spacing{--divider-pattern-size:auto}.elementor-widget-divider--bg-round{--divider-pattern-repeat:round}.rtl .elementor-widget-divider .elementor-divider__text{direction:rtl}.e-con-inner>.elementor-widget-divider,.e-con>.elementor-widget-divider{width:var(--container-widget-width,100%);--flex-grow:var(--container-widget-flex-grow)}<\/style>\n<p>Le programme de pr\u00e9vention des abus sexuels pour les enfants de 3 \u00e0 5 ans est \u00e0 l&#8217;intention des enfants provenant de milieux \u00e0 risques. Ce programme novateur se d\u00e9roule sur une p\u00e9riode de dix semaines (1,5 heures par rencontre) et a \u00e9t\u00e9 d\u00e9velopp\u00e9 par le Ciasf. L\u2019achat de ce programme comprend :<\/p>\n<ul>\n<li><!--?xml version=\"1.0\" encoding=\"UTF-8\"?-->Une demie-journ\u00e9e de formation;<\/li>\n<li>Des supervisions en t\u00e9l\u00e9-pratiques pour les deux premi\u00e8res sessions;<!--?xml version=\"1.0\" encoding=\"UTF-8\"?--><\/li>\n<li><!--?xml version=\"1.0\" encoding=\"UTF-8\"?-->Une mallette comprenant le programme d\u00e9taill\u00e9, les formulaires n\u00e9cessaires, les outils d\u2019intervention, des renseignements g\u00e9n\u00e9raux sur l\u2019abus sexuel, etc.<\/li>\n<\/ul>\n<p>Pour commander ce programme, veuillez communiquer avec nous.<\/p>\n<h3>Groupe th\u00e9rapeutique pour les enfants victimes d&#8217;abus sexuels<\/h3>\n<p><em>-6 \u00e0 8 ans-<\/em><\/p>\n<p>Le programme de th\u00e9rapie pour les enfants de 6 \u00e0 8 ans ayant v\u00e9cu un abus sexuel se d\u00e9roule sur une p\u00e9riode de 14 rencontres hebdomadaires d&#8217;une dur\u00e9e de 2 heures et a \u00e9t\u00e9 d\u00e9velopp\u00e9 par le Ciasf.<br \/>\nL\u2019achat de ce programme comprend :<\/p>\n<ul>\n<li><!--?xml version=\"1.0\" encoding=\"UTF-8\"?-->Une journ\u00e9e de formation;<\/li>\n<li><!--?xml version=\"1.0\" encoding=\"UTF-8\"?-->Des supervisions en t\u00e9l\u00e9-pratique pour les deux premi\u00e8res sessions;<\/li>\n<li><!--?xml version=\"1.0\" encoding=\"UTF-8\"?-->Un cahier comprenant le programme d\u00e9taill\u00e9, les formulaires n\u00e9cessaires, les outils d\u2019intervention, des renseignements g\u00e9n\u00e9raux sur l\u2019abus sexuel, etc., ainsi que les informations sur la validation du programme et les \u00e9tudes appuyant son contenu;<\/li>\n<li><!--?xml version=\"1.0\" encoding=\"UTF-8\"?-->Une cl\u00e9 USB sur laquelle les contenus et les outils permettent une personnalisation \u00e0 l&#8217;effigie de votre organisation.<\/li>\n<\/ul>\n<p>Pour commander ce programme, veuillez communiquer avec nous.<\/p>\n<h3>Groupe th\u00e9rapeutique pour les enfants victimes d&#8217;abus sexuels<\/h3>\n<p><em>-9 \u00e0 12 ans-<\/em><\/p>\n<p>Le programme de th\u00e9rapie pour les enfants de 9 \u00e0 12 ans ayant v\u00e9cu un abus sexuel se d\u00e9roule sur une p\u00e9riode de 14 rencontres hebdomadaires d&#8217;une dur\u00e9e de 2 heures et a \u00e9t\u00e9 d\u00e9velopp\u00e9 par le Ciasf.<br \/>\nL\u2019achat de ce programme comprend :<\/p>\n<ul>\n<li><!--?xml version=\"1.0\" encoding=\"UTF-8\"?-->Une journ\u00e9e de formation;<\/li>\n<li><!--?xml version=\"1.0\" encoding=\"UTF-8\"?-->Des supervisions en t\u00e9l\u00e9-pratique pour les deux premi\u00e8res sessions;<\/li>\n<li><!--?xml version=\"1.0\" encoding=\"UTF-8\"?-->Un cahier comprenant le programme d\u00e9taill\u00e9, les formulaires n\u00e9cessaires, les outils d\u2019intervention, des renseignements g\u00e9n\u00e9raux sur l\u2019abus sexuel, etc., ainsi que les informations sur la validation du programme et les \u00e9tudes appuyant son contenu;<\/li>\n<li><!--?xml version=\"1.0\" encoding=\"UTF-8\"?-->Une cl\u00e9 USB sur laquelle les contenus et les outils permettent une personnalisation \u00e0 l&#8217;effigie de votre organisation.<\/li>\n<\/ul>\n<p>Pour commander ce programme, veuillez communiquer avec nous.<\/p>\n<h3>Groupe th\u00e9rapeutique pour les adolescent(e)s victimes d&#8217;abus sexuels<\/h3>\n<p><em>-13-17 ans-<\/em><\/p>\n<p>Le programme de th\u00e9rapie pour les adolescent(e)s de 13 \u00e0 17 ans ayant v\u00e9cu un abus sexuel se d\u00e9roule sur une p\u00e9riode de 20 \u00e0 24 rencontres hebdomadaires d&#8217;une dur\u00e9e de 2,5 heures et a \u00e9t\u00e9 d\u00e9velopp\u00e9 par le Ciasf.<\/p>\n<p>L\u2019achat de ce programme comprend :<\/p>\n<ul>\n<li><!--?xml version=\"1.0\" encoding=\"UTF-8\"?-->1 journ\u00e9e de formation;<\/li>\n<li><!--?xml version=\"1.0\" encoding=\"UTF-8\"?-->Des supervisions en t\u00e9l\u00e9-pratique pour les deux premi\u00e8res sessions;<\/li>\n<li><!--?xml version=\"1.0\" encoding=\"UTF-8\"?-->Un cahier comprenant le programme d\u00e9taill\u00e9, les formulaires n\u00e9cessaires, les outils d\u2019intervention, des renseignements g\u00e9n\u00e9raux sur l\u2019abus sexuel, etc., ainsi que les informations sur la validation du programme et les \u00e9tudes appuyant son contenu;<\/li>\n<li><!--?xml version=\"1.0\" encoding=\"UTF-8\"?-->Une cl\u00e9 USB sur laquelle les contenus et les outils permettent une personnalisation \u00e0 l&#8217;effigie de votre organisation.<\/li>\n<\/ul>\n<p>Pour commander ce programme, veuillez communiquer avec nous.<\/p>\n<h3>Groupe pour les parents d&#8217;enfant victime d&#8217;abus sexuels<\/h3>\n<p><em>-Abus sexuel dans un contexte intra familial ou extra familial-<\/em><\/p>\n<p>Ce groupe \u00e0 l&#8217;intention des parents d&#8217;enfants victimes d&#8217;abus sexuels inclu les 13 premi\u00e8res rencontres hebdomadaires (dur\u00e9e de 2,5 heures) en regroupant les personnes touch\u00e9es \u00e0 la fois par des abus intrafamiliaux et extrafamiliaux. Les rencontres suivantes (entre 7 et 13 rencontres suppl\u00e9mentaires) proposent un contenu adapt\u00e9 \u00e0 chacune des deux situations.<br \/>\nL\u2019achat de ce programme comprend :<\/p>\n<ul>\n<li><!--?xml version=\"1.0\" encoding=\"UTF-8\"?-->Une journ\u00e9e de formation;<\/li>\n<li><!--?xml version=\"1.0\" encoding=\"UTF-8\"?-->Des supervisions en t\u00e9l\u00e9-pratique pour les deux premi\u00e8res sessions;<\/li>\n<li><!--?xml version=\"1.0\" encoding=\"UTF-8\"?-->Un cahier comprenant le programme d\u00e9taill\u00e9, les formulaires n\u00e9cessaires, les outils d\u2019intervention, des renseignements g\u00e9n\u00e9raux sur l\u2019abus sexuel, etc., ainsi que les informations sur la validation du programme et les \u00e9tudes appuyant son contenu;<\/li>\n<li><!--?xml version=\"1.0\" encoding=\"UTF-8\"?-->Une cl\u00e9 USB sur laquelle les contenus et les outils permettent une personnalisation \u00e0 l&#8217;effigie de votre organisation.<\/li>\n<\/ul>\n<p>Pour commander ce programme, veuillez communiquer avec nous.<\/p>\n","protected":false},"excerpt":{"rendered":"<p>Nos programmes Acqu\u00e9rir nos programmes th\u00e9rapeutiques valid\u00e9s Le Ciasf est fort de son expertise en mati\u00e8re de traitement et de pr\u00e9vention des agressions sexuelles \u00e0 l&#8217;intention des enfants et de l&#8217;ensemble des personnes touch\u00e9es par ce ph\u00e9nom\u00e8ne. Nous offrons donc \u00e0 des partenaires la possibilit\u00e9 d&#8217;acqu\u00e9rir les programmes valid\u00e9s par la recherche et \u00e9prouv\u00e9s dans [&hellip;]<\/p>\n","protected":false},"author":1,"featured_media":0,"parent":0,"menu_order":0,"comment_status":"closed","ping_status":"closed","template":"","meta":{"_acf_changed":false,"_seopress_robots_primary_cat":"","_seopress_titles_title":"","_seopress_titles_desc":"","_seopress_robots_index":"","inline_featured_image":false,"footnotes":""},"class_list":["post-153","page","type-page","status-publish","hentry"],"acf":[],"_links":{"self":[{"href":"https:\/\/ciasf.org\/en\/wp-json\/wp\/v2\/pages\/153","targetHints":{"allow":["GET"]}}],"collection":[{"href":"https:\/\/ciasf.org\/en\/wp-json\/wp\/v2\/pages"}],"about":[{"href":"https:\/\/ciasf.org\/en\/wp-json\/wp\/v2\/types\/page"}],"author":[{"embeddable":true,"href":"https:\/\/ciasf.org\/en\/wp-json\/wp\/v2\/users\/1"}],"replies":[{"embeddable":true,"href":"https:\/\/ciasf.org\/en\/wp-json\/wp\/v2\/comments?post=153"}],"version-history":[{"count":4,"href":"https:\/\/ciasf.org\/en\/wp-json\/wp\/v2\/pages\/153\/revisions"}],"predecessor-version":[{"id":3194,"href":"https:\/\/ciasf.org\/en\/wp-json\/wp\/v2\/pages\/153\/revisions\/3194"}],"wp:attachment":[{"href":"https:\/\/ciasf.org\/en\/wp-json\/wp\/v2\/media?parent=153"}],"curies":[{"name":"wp","href":"https:\/\/api.w.org\/{rel}","templated":true}]}}